{"id":762,"date":"2024-04-03T11:36:00","date_gmt":"2024-04-03T09:36:00","guid":{"rendered":"https:\/\/naldaysuarezabogados.es\/contact\/"},"modified":"2025-11-06T21:33:31","modified_gmt":"2025-11-06T20:33:31","slug":"contact","status":"publish","type":"page","link":"https:\/\/naldaysuarezabogados.es\/en\/contact\/","title":{"rendered":"Contact"},"content":{"rendered":"\n<div id=\"Header-block_bd248ff073f89f77c0c41ecab327a0e6\" class=\"d-none d-md-flex Header onlyTitle \" style=\"background-image:url(https:\/\/naldaysuarezabogados.es\/wp-content\/uploads\/2024\/04\/glenn-carstens-peters-npxXWgQ33ZQ-unsplash-scaled-e1712907597823.webp)\">\n    <div class=\"container\">\n        <div class=\"row\">\n            <div class=\"col-12 col-md-6\">\n                <div class=\"content\" data-aos=\"fade-left\" data-aos-duration=\"600\">\n                    <div class=\"title\">\n                        <h1 class='titulo'>Do you need legal help in Valencia?<br \/>\nWe are here for you (and we speak English)!<\/h1>\n                    <\/div>\n                                    <\/div>\n            <\/div>\n        <\/div>\n    <\/div>\n<\/div>\n\n<div id=\"Header-block_bd248ff073f89f77c0c41ecab327a0e6\" class=\"d-flex d-md-none Header onlyTitle \" style=\"background-image:url(https:\/\/naldaysuarezabogados.es\/wp-content\/uploads\/2024\/04\/glenn-carstens-peters-npxXWgQ33ZQ-unsplash-scaled-e1712907597823.webp)\">\n    <div class=\"container\">\n        <div class=\"row\">\n            <div class=\"col-12 col-md-6\">\n                <div class=\"content\" data-aos=\"fade-left\" data-aos-duration=\"600\">\n                    <div class=\"title\">\n                        <h1 class='titulo'>Do you need legal help in Valencia?<br \/>\nWe are here for you (and we speak English)!<\/h1>\n                    <\/div>\n                                    <\/div>\n            <\/div>\n        <\/div>\n    <\/div>\n<\/div>\n\n\n\n\n<div id=\"Formulario-block_9c937f2a5b8a65bc8e53ff59c0a8531f\" class=\"Formulario\">\n    <div class=\"container\">\n        <div class=\"row\">\n            <div class=\"col-12 col-lg-4\">\n                <div class=\"titleContact\" data-aos=\"fade-right\" data-aos-duration=\"600\">\n                    <h2>If you prefer to be contacted, please complete the following form and we will contact you as soon as possible.<\/h2>\n                <\/div>\n            <\/div>\n        <\/div>\n        <div class=\"row\">\n            <div class=\"col-12 col-lg-6\">\n                <div class=\"contactForm novalidate\" data-aos=\"fade-right\" data-aos-duration=\"600\">\n                    \n<div class=\"wpcf7 no-js\" id=\"wpcf7-f699-o1\" lang=\"en-US\" dir=\"ltr\">\n<div class=\"screen-reader-response\"><p role=\"status\" aria-live=\"polite\" aria-atomic=\"true\"><\/p> <ul><\/ul><\/div>\n<form action=\"\/en\/wp-json\/wp\/v2\/pages\/762#wpcf7-f699-o1\" method=\"post\" class=\"wpcf7-form init\" aria-label=\"Contact form\" novalidate=\"novalidate\" data-status=\"init\">\n<div style=\"display: none;\">\n<input type=\"hidden\" name=\"_wpcf7\" value=\"699\" \/>\n<input type=\"hidden\" name=\"_wpcf7_version\" value=\"5.9.4\" \/>\n<input type=\"hidden\" name=\"_wpcf7_locale\" value=\"en_US\" \/>\n<input type=\"hidden\" name=\"_wpcf7_unit_tag\" value=\"wpcf7-f699-o1\" \/>\n<input type=\"hidden\" name=\"_wpcf7_container_post\" value=\"0\" \/>\n<input type=\"hidden\" name=\"_wpcf7_posted_data_hash\" value=\"\" \/>\n<\/div>\n<p><label>Name<br \/>\n<span class=\"wpcf7-form-control-wrap\" data-name=\"your-name\"><input size=\"40\" class=\"wpcf7-form-control wpcf7-text wpcf7-validates-as-required\" autocomplete=\"name\" aria-required=\"true\" aria-invalid=\"false\" value=\"\" type=\"text\" name=\"your-name\" \/><\/span> <\/label>\n<\/p>\n<p><label>Surname<br \/>\n<span class=\"wpcf7-form-control-wrap\" data-name=\"your-surname\"><input size=\"40\" class=\"wpcf7-form-control wpcf7-text wpcf7-validates-as-required\" autocomplete=\"surname\" aria-required=\"true\" aria-invalid=\"false\" value=\"\" type=\"text\" name=\"your-surname\" \/><\/span> <\/label>\n<\/p>\n<p><label>Email<br \/>\n<span class=\"wpcf7-form-control-wrap\" data-name=\"your-email\"><input size=\"40\" class=\"wpcf7-form-control wpcf7-email wpcf7-validates-as-required wpcf7-text wpcf7-validates-as-email\" autocomplete=\"email\" aria-required=\"true\" aria-invalid=\"false\" value=\"\" type=\"email\" name=\"your-email\" \/><\/span> <\/label>\n<\/p>\n<p><label>Phone<br \/>\n<span class=\"wpcf7-form-control-wrap\" data-name=\"your-tel\"><input size=\"40\" class=\"wpcf7-form-control wpcf7-tel wpcf7-validates-as-required wpcf7-text wpcf7-validates-as-tel\" aria-required=\"true\" aria-invalid=\"false\" value=\"\" type=\"tel\" name=\"your-tel\" \/><\/span><\/label>\n<\/p>\n<p><label>Message<br \/>\n<span class=\"wpcf7-form-control-wrap\" data-name=\"your-message\"><textarea cols=\"40\" rows=\"10\" class=\"wpcf7-form-control wpcf7-textarea wpcf7-validates-as-required\" aria-required=\"true\" aria-invalid=\"false\" name=\"your-message\"><\/textarea><\/span> <\/label>\n<\/p>\n<p><span class=\"wpcf7-form-control-wrap\" data-name=\"acceptance\"><span class=\"wpcf7-form-control wpcf7-acceptance\"><span class=\"wpcf7-list-item\"><label><input type=\"checkbox\" name=\"acceptance\" value=\"1\" class=\"acceptanceFormulario\" aria-invalid=\"false\" \/><span class=\"wpcf7-list-item-label\">Al continuar, est\u00e1s aceptando los <a href=\"https:\/\/naldaysuarezabogados.es\/terminos-y-condiciones\/\" target=\"_blank\">T\u00e9rminos y condiciones<\/a> de uso. Consulta nuestra <a href=\"https:\/\/naldaysuarezabogados.es\/politica-de-privacidad\/\" target=\"_blank\">Pol\u00edtica de privacidad<\/a>.<\/span><\/label><\/span><\/span><\/span>\n<\/p>\n<p><input class=\"wpcf7-form-control wpcf7-submit has-spinner\" type=\"submit\" value=\"Ponerse en contacto\" \/>\n<\/p><div class=\"wpcf7-response-output\" aria-hidden=\"true\"><\/div>\n<\/form>\n<\/div>\n                <\/div>\n            <\/div>\n            <div class=\"col-12 col-lg-6\">\n                <div class=\"blockContact_Info\" data-aos=\"fade-left\" data-aos-duration=\"600\">\n                    <div class=\"title\"><h2 class='titulo'>Do you have any legal enquiries?<\/h2>\n<\/div>\n                    <div class=\"subtitle\"><h2>Contact us today and let us help you solve your legal problems!<\/h2>\n<\/div>\n                    <div class=\"description\"><h3>For assistance or more information about our services, please contact our excellent team. We are here to provide you with the legal support and guidance you need.<\/h3>\n<h3>\nDon&#8217;t hesitate to contact us and take the first step towards solving your legal problems!<\/h3>\n<\/div>\n                    <div class=\"ubication\"><h2>Valencia<\/h2>\n<\/div>\n                                            <div class=\"contentAreaRight\">\n                            <img decoding=\"async\" src=\"https:\/\/naldaysuarezabogados.es\/wp-content\/uploads\/2024\/04\/call_icon.png\" >\n                            <div class=\"elementTitle\" ><p><a href=\"tel:+34963318113\">963 318 113<\/a><\/p>\n<\/div>\n                        <\/div>\n                                            <div class=\"contentAreaRight\">\n                            <img decoding=\"async\" src=\"https:\/\/naldaysuarezabogados.es\/wp-content\/uploads\/2024\/04\/mail_icon.png\" >\n                            <div class=\"elementTitle\" ><p><a href=\"mailto:info@naldaysuarezabogados.es\">info@naldaysuarezabogados.es<\/a><\/p>\n<\/div>\n                        <\/div>\n                                            <div class=\"contentAreaRight\">\n                            <img decoding=\"async\" src=\"https:\/\/naldaysuarezabogados.es\/wp-content\/uploads\/2024\/04\/location_icon.png\" >\n                            <div class=\"elementTitle\" ><p><a href=\"https:\/\/maps.app.goo.gl\/HXrKVa57ygEypkYZ7\" target=\"_blank\">C\/Octavio Vicent Escultor N\u00ba 3 Esc. 4 Puerta 2, Valencia (junto a Ciudad de las Artes y las Ciencias)<\/a><\/p>\n<\/div>\n                        <\/div>\n                                    <\/div>\n            <\/div>\n        <\/div>\n    <\/div>\n<\/div>\n\n\n\n\n<div class=\"wp-block-group center has-small-font-size\"><div class=\"wp-block-group__inner-container is-layout-constrained wp-block-group-is-layout-constrained\">\n<p><strong>La identidad del responsable que trata sus datos personales es:<\/strong><br>NALDA Y SUAREZ ABOGADOS, S.L.P, con NIF B67950402, direcci\u00f3n C\/OCTAVIO VICENT, N\u00ba3, ESC, 4, PTA. 2 VALENCIA y email info@naldaysuarezabogados.es .<br><br><strong>Tratamos sus datos registrados con las siguientes finalidades:<\/strong><br>Gesti\u00f3n de las peticiones de informaci\u00f3n recibidas por el interesado sobre nuestros productos o servicios y para realizar campa\u00f1as publicitarias.<br><br><strong>La legitimaci\u00f3n para tratar sus datos es:<\/strong><br>El inter\u00e9s leg\u00edtimo del responsable para contestar su solicitud.<br>Su consentimiento expreso para enviarle publicidad de nuestros servicios y\/o productos (siempre que d\u00e9 su consentimiento expreso en el apartado inferior).<br><br><strong>\u00bfQu\u00e9 derechos puede ejercer cuando nos facilita sus datos?<\/strong><br>Usted puede ejercer los derechos de acceso, rectificaci\u00f3n, supresi\u00f3n, portabilidad, limitaci\u00f3n, oposici\u00f3n al tratamiento y oposici\u00f3n a la toma de decisiones automatizadas, as\u00ed como interponer reclamaciones ante la autoridad de control.<br><br>Puede consultar toda la informaci\u00f3n detallada en nuestra<a href=\"https:\/\/naldaysuarezabogados.es\/politica-de-privacidad\/\"> pol\u00edtica de privacidad <\/a>o enviando un e-mail a la direcci\u00f3n arriba indicada.<\/p>\n<\/div><\/div>\n\n\n\n<div id=\"Maps-block_fd7bb52212ab9e93e965d2e48336ef6e\" class=\"Maps\">\n    <div class=\"container\">\n        <div class=\"row\">\n            <div class=\"col-12\">\n                <div class=\"title\"><h2 class=''><strong>La identidad del responsable que trata sus datos personales es:<\/strong><br \/>\nNALDA Y SUAREZ ABOGADOS, S.L.P, con NIF B67950402, direcci\u00f3n C\/OCTAVIO VICENT, N\u00ba3, ESC, 4, PTA. 2 VALENCIA y email info@naldaysuarezabogados.es .<\/p>\n<p class=''><strong>Tratamos sus datos registrados con las siguientes finalidades:<\/strong><br \/>\nGesti\u00f3n de las peticiones de informaci\u00f3n recibidas por el interesado sobre nuestros productos o servicios y para realizar campa\u00f1as publicitarias.<\/p>\n<p class=''><strong>La legitimaci\u00f3n para tratar sus datos es:<\/strong><br \/>\nEl inter\u00e9s leg\u00edtimo del responsable para contestar su solicitud.<br \/>\nSu consentimiento expreso para enviarle publicidad de nuestros servicios y\/o productos (siempre que d\u00e9 su consentimiento expreso en el apartado inferior).<\/p>\n<p class=''><strong>\u00bfQu\u00e9 derechos puede ejercer cuando nos facilita sus datos?<\/strong><br \/>\nUsted puede ejercer los derechos de acceso, rectificaci\u00f3n, supresi\u00f3n, portabilidad, limitaci\u00f3n, oposici\u00f3n al tratamiento y oposici\u00f3n a la toma de decisiones automatizadas, as\u00ed como interponer reclamaciones ante la autoridad de control.<\/p>\n<p class=''>Puede consultar toda la informaci\u00f3n detallada en nuestra<a href=\"https:\/\/naldaysuarezabogados.es\/politica-de-privacidad\/\"> pol\u00edtica de privacidad <\/a>o enviando un e-mail a la direcci\u00f3n arriba indicada.Where you can find us:<\/h2>\n<\/div>\n            <\/div>\n        <\/div>\n    <\/div>\n    <div class=\"map\">\n        <iframe\n                src=\"https:\/\/www.google.com\/maps\/embed?pb=!1m18!1m12!1m3!1d3080.327463130671!2d-0.356340023608198!3d39.46193031319694!2m3!1f0!2f0!3f0!3m2!1i1024!2i768!4f13.1!3m3!1m2!1s0xd6049e2a15935fb%3A0x23dd18e088f6da1b!2sNalda%20y%20Su%C3%A1rez%20Abogados!5e0!3m2!1ses!2sfr!4v1712666226666!5m2!1ses!2sfr\"\n                style=\"border:0;\"\n                allowfullscreen=\"\"\n                loading=\"lazy\"\n                referrerpolicy=\"no-referrer-when-downgrade\">\n        <\/iframe>\n    <\/div>\n<\/div>\n\n","protected":false},"excerpt":{"rendered":"<p>La identidad del responsable que trata sus datos personales es:NALDA Y SUAREZ ABOGADOS, S.L.P, con NIF B67950402, direcci\u00f3n C\/OCTAVIO VICENT, N\u00ba3, ESC, 4, PTA. 2 VALENCIA y email info@naldaysuarezabogados.es . Tratamos sus datos registrados con las siguientes finalidades:Gesti\u00f3n de las peticiones de informaci\u00f3n recibidas por el interesado sobre nuestros productos o servicios y para realizar [&hellip;]<\/p>\n","protected":false},"author":3,"featured_media":0,"parent":0,"menu_order":0,"comment_status":"closed","ping_status":"closed","template":"","meta":{"_acf_changed":false,"footnotes":""},"class_list":["post-762","page","type-page","status-publish","hentry"],"acf":[],"yoast_head":"<!-- This site is optimized with the Yoast SEO plugin v22.7 - https:\/\/yoast.com\/wordpress\/plugins\/seo\/ -->\n<title>Contact - Nalda y Suarez Abogados<\/title>\n<meta name=\"robots\" content=\"index, follow, max-snippet:-1, max-image-preview:large, max-video-preview:-1\" \/>\n<link rel=\"canonical\" href=\"https:\/\/naldaysuarezabogados.es\/en\/contact\/\" \/>\n<meta property=\"og:locale\" content=\"en_US\" \/>\n<meta property=\"og:type\" content=\"article\" \/>\n<meta property=\"og:title\" content=\"Contact - Nalda y Suarez Abogados\" \/>\n<meta property=\"og:description\" content=\"La identidad del responsable que trata sus datos personales es:NALDA Y SUAREZ ABOGADOS, S.L.P, con NIF B67950402, direcci\u00f3n C\/OCTAVIO VICENT, N\u00ba3, ESC, 4, PTA. 2 VALENCIA y email info@naldaysuarezabogados.es . Tratamos sus datos registrados con las siguientes finalidades:Gesti\u00f3n de las peticiones de informaci\u00f3n recibidas por el interesado sobre nuestros productos o servicios y para realizar [&hellip;]\" \/>\n<meta property=\"og:url\" content=\"https:\/\/naldaysuarezabogados.es\/en\/contact\/\" \/>\n<meta property=\"og:site_name\" content=\"Nalda y Suarez Abogados\" \/>\n<meta property=\"article:modified_time\" content=\"2025-11-06T20:33:31+00:00\" \/>\n<meta name=\"twitter:card\" content=\"summary_large_image\" \/>\n<meta name=\"twitter:label1\" content=\"Est. reading time\" \/>\n\t<meta name=\"twitter:data1\" content=\"1 minute\" \/>\n<script type=\"application\/ld+json\" class=\"yoast-schema-graph\">{\"@context\":\"https:\/\/schema.org\",\"@graph\":[{\"@type\":\"WebPage\",\"@id\":\"https:\/\/naldaysuarezabogados.es\/en\/contact\/\",\"url\":\"https:\/\/naldaysuarezabogados.es\/en\/contact\/\",\"name\":\"Contact - Nalda y Suarez Abogados\",\"isPartOf\":{\"@id\":\"https:\/\/naldaysuarezabogados.es\/en\/#website\"},\"datePublished\":\"2024-04-03T09:36:00+00:00\",\"dateModified\":\"2025-11-06T20:33:31+00:00\",\"breadcrumb\":{\"@id\":\"https:\/\/naldaysuarezabogados.es\/en\/contact\/#breadcrumb\"},\"inLanguage\":\"en-US\",\"potentialAction\":[{\"@type\":\"ReadAction\",\"target\":[\"https:\/\/naldaysuarezabogados.es\/en\/contact\/\"]}]},{\"@type\":\"BreadcrumbList\",\"@id\":\"https:\/\/naldaysuarezabogados.es\/en\/contact\/#breadcrumb\",\"itemListElement\":[{\"@type\":\"ListItem\",\"position\":1,\"name\":\"Portada\",\"item\":\"https:\/\/naldaysuarezabogados.es\/en\/\"},{\"@type\":\"ListItem\",\"position\":2,\"name\":\"Contact\"}]},{\"@type\":\"WebSite\",\"@id\":\"https:\/\/naldaysuarezabogados.es\/en\/#website\",\"url\":\"https:\/\/naldaysuarezabogados.es\/en\/\",\"name\":\"Nalda y Suarez Abogados\",\"description\":\"Servicios legales y asesor\u00eda jur\u00eddica\",\"publisher\":{\"@id\":\"https:\/\/naldaysuarezabogados.es\/en\/#organization\"},\"potentialAction\":[{\"@type\":\"SearchAction\",\"target\":{\"@type\":\"EntryPoint\",\"urlTemplate\":\"https:\/\/naldaysuarezabogados.es\/en\/?s={search_term_string}\"},\"query-input\":\"required name=search_term_string\"}],\"inLanguage\":\"en-US\"},{\"@type\":\"Organization\",\"@id\":\"https:\/\/naldaysuarezabogados.es\/en\/#organization\",\"name\":\"Nalda y Suarez Abogados\",\"url\":\"https:\/\/naldaysuarezabogados.es\/en\/\",\"logo\":{\"@type\":\"ImageObject\",\"inLanguage\":\"en-US\",\"@id\":\"https:\/\/naldaysuarezabogados.es\/en\/#\/schema\/logo\/image\/\",\"url\":\"https:\/\/naldaysuarezabogados.es\/wp-content\/uploads\/2024\/04\/Logo.png\",\"contentUrl\":\"https:\/\/naldaysuarezabogados.es\/wp-content\/uploads\/2024\/04\/Logo.png\",\"width\":80,\"height\":53,\"caption\":\"Nalda y Suarez Abogados\"},\"image\":{\"@id\":\"https:\/\/naldaysuarezabogados.es\/en\/#\/schema\/logo\/image\/\"}}]}<\/script>\n<!-- \/ Yoast SEO plugin. -->","yoast_head_json":{"title":"Contact - Nalda y Suarez Abogados","robots":{"index":"index","follow":"follow","max-snippet":"max-snippet:-1","max-image-preview":"max-image-preview:large","max-video-preview":"max-video-preview:-1"},"canonical":"https:\/\/naldaysuarezabogados.es\/en\/contact\/","og_locale":"en_US","og_type":"article","og_title":"Contact - Nalda y Suarez Abogados","og_description":"La identidad del responsable que trata sus datos personales es:NALDA Y SUAREZ ABOGADOS, S.L.P, con NIF B67950402, direcci\u00f3n C\/OCTAVIO VICENT, N\u00ba3, ESC, 4, PTA. 2 VALENCIA y email info@naldaysuarezabogados.es . Tratamos sus datos registrados con las siguientes finalidades:Gesti\u00f3n de las peticiones de informaci\u00f3n recibidas por el interesado sobre nuestros productos o servicios y para realizar [&hellip;]","og_url":"https:\/\/naldaysuarezabogados.es\/en\/contact\/","og_site_name":"Nalda y Suarez Abogados","article_modified_time":"2025-11-06T20:33:31+00:00","twitter_card":"summary_large_image","twitter_misc":{"Est. reading time":"1 minute"},"schema":{"@context":"https:\/\/schema.org","@graph":[{"@type":"WebPage","@id":"https:\/\/naldaysuarezabogados.es\/en\/contact\/","url":"https:\/\/naldaysuarezabogados.es\/en\/contact\/","name":"Contact - Nalda y Suarez Abogados","isPartOf":{"@id":"https:\/\/naldaysuarezabogados.es\/en\/#website"},"datePublished":"2024-04-03T09:36:00+00:00","dateModified":"2025-11-06T20:33:31+00:00","breadcrumb":{"@id":"https:\/\/naldaysuarezabogados.es\/en\/contact\/#breadcrumb"},"inLanguage":"en-US","potentialAction":[{"@type":"ReadAction","target":["https:\/\/naldaysuarezabogados.es\/en\/contact\/"]}]},{"@type":"BreadcrumbList","@id":"https:\/\/naldaysuarezabogados.es\/en\/contact\/#breadcrumb","itemListElement":[{"@type":"ListItem","position":1,"name":"Portada","item":"https:\/\/naldaysuarezabogados.es\/en\/"},{"@type":"ListItem","position":2,"name":"Contact"}]},{"@type":"WebSite","@id":"https:\/\/naldaysuarezabogados.es\/en\/#website","url":"https:\/\/naldaysuarezabogados.es\/en\/","name":"Nalda y Suarez Abogados","description":"Servicios legales y asesor\u00eda jur\u00eddica","publisher":{"@id":"https:\/\/naldaysuarezabogados.es\/en\/#organization"},"potentialAction":[{"@type":"SearchAction","target":{"@type":"EntryPoint","urlTemplate":"https:\/\/naldaysuarezabogados.es\/en\/?s={search_term_string}"},"query-input":"required name=search_term_string"}],"inLanguage":"en-US"},{"@type":"Organization","@id":"https:\/\/naldaysuarezabogados.es\/en\/#organization","name":"Nalda y Suarez Abogados","url":"https:\/\/naldaysuarezabogados.es\/en\/","logo":{"@type":"ImageObject","inLanguage":"en-US","@id":"https:\/\/naldaysuarezabogados.es\/en\/#\/schema\/logo\/image\/","url":"https:\/\/naldaysuarezabogados.es\/wp-content\/uploads\/2024\/04\/Logo.png","contentUrl":"https:\/\/naldaysuarezabogados.es\/wp-content\/uploads\/2024\/04\/Logo.png","width":80,"height":53,"caption":"Nalda y Suarez Abogados"},"image":{"@id":"https:\/\/naldaysuarezabogados.es\/en\/#\/schema\/logo\/image\/"}}]}},"_links":{"self":[{"href":"https:\/\/naldaysuarezabogados.es\/en\/wp-json\/wp\/v2\/pages\/762","targetHints":{"allow":["GET"]}}],"collection":[{"href":"https:\/\/naldaysuarezabogados.es\/en\/wp-json\/wp\/v2\/pages"}],"about":[{"href":"https:\/\/naldaysuarezabogados.es\/en\/wp-json\/wp\/v2\/types\/page"}],"author":[{"embeddable":true,"href":"https:\/\/naldaysuarezabogados.es\/en\/wp-json\/wp\/v2\/users\/3"}],"replies":[{"embeddable":true,"href":"https:\/\/naldaysuarezabogados.es\/en\/wp-json\/wp\/v2\/comments?post=762"}],"version-history":[{"count":7,"href":"https:\/\/naldaysuarezabogados.es\/en\/wp-json\/wp\/v2\/pages\/762\/revisions"}],"predecessor-version":[{"id":1078,"href":"https:\/\/naldaysuarezabogados.es\/en\/wp-json\/wp\/v2\/pages\/762\/revisions\/1078"}],"wp:attachment":[{"href":"https:\/\/naldaysuarezabogados.es\/en\/wp-json\/wp\/v2\/media?parent=762"}],"curies":[{"name":"wp","href":"https:\/\/api.w.org\/{rel}","templated":true}]}}