{"id":750,"date":"2024-04-10T15:36:51","date_gmt":"2024-04-10T13:36:51","guid":{"rendered":"https:\/\/naldaysuarezabogados.es\/terminos-y-condiciones\/"},"modified":"2025-11-06T20:00:47","modified_gmt":"2025-11-06T19:00:47","slug":"terms-and-conditions","status":"publish","type":"page","link":"https:\/\/naldaysuarezabogados.es\/en\/terms-and-conditions\/","title":{"rendered":"Terms and Conditions"},"content":{"rendered":"\n<h2 class=\"wp-block-heading\">Legal notice<\/h2>\n\n\n\n<p><\/p>\n\n\n\n<p>En cumplimiento de lo establecido en el Art. 10 de la Ley 34\/2002, de 11 de julio, de Servicios de la<br>Sociedad de la Informaci\u00f3n y Comercio Electr\u00f3nico (LSSI-CE), se informa de que los datos del titular<br>de esta p\u00e1gina web y responsable del servicio prestado a trav\u00e9s de la misma son.<\/p>\n\n\n\n<p>Raz\u00f3n social: NALDA Y SUAREZ ABOGADOS, S.L.P<\/p>\n\n\n\n<p>Domicilio: C\/OCTAVIO VICENT, N\u00ba3, ESC, 4, PTA. 2 VALENCIA<\/p>\n\n\n\n<p>Tel\u00e9fono: 963318113<\/p>\n\n\n\n<p>Direcci\u00f3n de correo electr\u00f3nico: <a href=\"mailto:info@naldaysuarezabogados.es\">info@naldaysuarezabogados.es<\/a><\/p>\n\n\n\n<p>N.I.F.: B67950402<\/p>\n\n\n\n<p>Para obtener informaci\u00f3n adicional, puede contactar llamando al tel\u00e9fono arriba indicado o enviando<br>un correo a  <a href=\"mailto:info@naldaysuarezabogados.es\">info@naldaysuarezabogados.es<\/a><\/p>\n\n\n\n<h2 class=\"wp-block-heading\">T\u00c9RMINOS Y CONDICIONES DE USO DE LA WEB<\/h2>\n\n\n\n<h2 class=\"wp-block-heading\">1. Responsabilidad del usuario<\/h2>\n\n\n\n<p>Es responsabilidad de los visitantes, clientes o usuarios de este sitio web la atenta lectura de las Con-<br>diciones Generales de Uso que se detallan. El uso o acceso al portal implica el conocimiento y la plena<br>aceptaci\u00f3n de todas y cada una de las advertencias legales y condiciones establecidas.<\/p>\n\n\n\n<h2 class=\"wp-block-heading\">2. Condiciones generales de uso<\/h2>\n\n\n\n<p>Nuestro portal web proporciona el acceso a multitud de informaciones, servicios, programas o datos<br>(en adelante, \u201clos contenidos\u201d) en Internet pertenecientes a: <br>NALDA Y SUAREZ ABOGADOS, S.L.P <br>(en adelante \u201cLa Empresa\u201d) o a sus licenciantes a los que EL CLIENTE\/USUARIO pueda tener acceso.<br>EL CLIENTE\/USUARIO asume la responsabilidad del uso del portal. Dicha responsabilidad se extien-<br>de al registro que fuese necesario para acceder a determinados servicios o contenidos.<br>En dicho registro EL CLIENTE\/USUARIO del portal ser\u00e1 responsable de aportar informaci\u00f3n veraz<br>y l\u00edcita. Como consecuencia de este registro, AL CLIENTE\/USUARIO se le puede proporcionar una<br>contrase\u00f1a de la que ser\u00e1 responsable, comprometi\u00e9ndose a hacer un uso diligente y confidencial de<br>la misma.<\/p>\n\n\n\n<p>EL CLIENTE\/USUARIO se compromete a hacer un uso adecuado de los contenidos y servicios (como<br>por ejemplo servicios de chat, foros de discusi\u00f3n o grupos de noticias) que La Empresa ofrece a<br>trav\u00e9s de su portal y con car\u00e1cter enunciativo pero no limitativo, a no emplearlos para (i) incurrir en<br>actividades il\u00edcitas, ilegales o contrarias a la buena fe y al orden p\u00fablico; (ii) difundir contenidos o pro-<br>paganda de car\u00e1cter racista, xen\u00f3fobo, pornogr\u00e1fico-ilegal, de apolog\u00eda del terrorismo o atentatorio<br>contra los derechos humanos; (iii) provocar da\u00f1os en los sistemas f\u00edsicos y l\u00f3gicos de La Empresa,<br>de sus proveedores o de terceras personas, introducir o difundir en la red virus inform\u00e1ticos o cua-<br>lesquiera otros sistemas f\u00edsicos o l\u00f3gicos que sean susceptibles de provocar los da\u00f1os anteriormente<br>mencionados; (iv) intentar acceder y, en su caso, utilizar las cuentas de correo electr\u00f3nico de otros<br>usuarios y modificar o manipular sus mensajes.<\/p>\n\n\n\n<p><br>La Empresa se reserva el derecho de retirar todos aquellos comentarios y aportaciones que vulneren<br>el respeto a la dignidad de la persona, que sean discriminatorios, xen\u00f3fobos, racistas, pornogr\u00e1ficos,<br>que atenten contra la juventud o la infancia, el orden o la seguridad p\u00fablica o que, a su juicio, no re-<br>sultar\u00e1n adecuados para su publicaci\u00f3n. En cualquier caso, La Empresa no ser\u00e1 responsable de las<br>opiniones vertidas por los usuarios a trav\u00e9s de los foros, chats, u otras herramientas de participaci\u00f3n<\/p>\n\n\n\n<h2 class=\"wp-block-heading\">3. Derecho de exclusi\u00f3n<\/h2>\n\n\n\n<p>La Empresa se reserva el derecho a denegar o retirar el acceso a portal y\/o los servicios ofrecidos<br>sin necesidad de preaviso, a instancia propia o de un tercero, a aquellos usuarios que incumplan las<br>presentes Condiciones Generales de Uso.<\/p>\n\n\n\n<h2 class=\"wp-block-heading\">4. Exclusi\u00f3n de garant\u00edas y de responsabilidad<\/h2>\n\n\n\n<p>La Empresa no se hace responsable, en ning\u00fan caso, de los da\u00f1os y perjuicios de cualquier naturaleza<br>que pudieran ocasionar, a t\u00edtulo enunciativo: errores u omisiones en los contenidos, falta de disponibi-<br>lidad del portal o la transmisi\u00f3n de virus o programas maliciosos o lesivos en los contenidos, a pesar<br>de haber adoptado todas las medidas tecnol\u00f3gicas necesarias para evitarlo.<br>Del mismo modo, no se har\u00e1 responsable de la falta de licitud, calidad, fiabilidad, utilidad y disponibi-<br>lidad de los servicios prestados por terceros y puestos a disposici\u00f3n de los usuarios en este sitio web.<br>Finalmente, La Empresa no se hace responsable del uso il\u00edcito, negligente, fraudulento o contrario a<br>estas condiciones<\/p>\n\n\n\n<h2 class=\"wp-block-heading\">5. Enlaces<\/h2>\n\n\n\n<p>En el caso de que en nuestro portal web se dispusiesen enlaces o hiperv\u00ednculos hac\u00eda otros sitios de<br>Internet, La Empresa no ejercer\u00e1 ning\u00fan tipo de control sobre dichos sitios y contenidos. En ning\u00fan<br>caso La Empresa asumir\u00e1 responsabilidad alguna por los contenidos de alg\u00fan enlace perteneciente<br>a un sitio web ajeno, ni garantizar\u00e1 la disponibilidad t\u00e9cnica, calidad, fiabilidad, exactitud, amplitud,<br>veracidad, validez y constitucionalidad de cualquier material o informaci\u00f3n contenida en ninguno de<br>dichos hiperv\u00ednculos u otros sitios de Internet. Igualmente, la inclusi\u00f3n de estas conexiones externas<br>no implicar\u00e1 ning\u00fan tipo de asociaci\u00f3n, fusi\u00f3n o participaci\u00f3n con las entidades conectadas.<\/p>\n\n\n\n<h2 class=\"wp-block-heading\">6. Propiedad intelectual<\/h2>\n\n\n\n<p>La Empresa por s\u00ed o como cesionaria, es titular de todos los derechos de propiedad intelectual e in-<br>dustrial de su p\u00e1gina web, as\u00ed como de los elementos contenidos en la misma (a t\u00edtulo enunciativo,<br>im\u00e1genes, sonido, audio, v\u00eddeo, software o textos; marcas o logotipos, combinaciones de colores,<br>estructura y dise\u00f1o, selecci\u00f3n de materiales usados, programas de ordenador necesarios para su<br>funcionamiento, acceso y uso, etc.), titularidad de La Empresa o bien de sus licenciantes.<\/p>\n\n\n\n<p><br>Queda expresamente prohibida la reproducci\u00f3n de los elementos mencionados en el apartado an-<br>terior y de la totalidad o parte de los contenidos de esta p\u00e1gina web, su distribuci\u00f3n, comunicaci\u00f3n<br>p\u00fablica y transformaci\u00f3n, explotaci\u00f3n (especialmente comercial o industrial) cesi\u00f3n, alquiler, venta,<br>pr\u00e9stamo, realizaci\u00f3n de correcciones, extracciones y\/o reutilizaciones o el ejercicio de cualesquiera<br>otros derechos de propiedad intelectual o industrial sobre ellos que no hayan sido conferidos por La<br>Empresa expresamente y por escrito.<\/p>\n\n\n\n<p><br>EL CLIENTE\/USUARIO reconoce los derechos de Propiedad Intelectual y de Propiedad Industrial de<br>La Empresa EL CLIENTE\/USUARIO se compromete a respetar los derechos de Propiedad Intelectual<br>e Industrial titularidad de La Empresa. Podr\u00e1 visualizar los elementos del portal e incluso imprimirlos,<br>copiarlos y almacenarlos en el disco duro de su ordenador o en cualquier otro soporte f\u00edsico siempre<br>y cuando sea, \u00fanica y exclusivamente, para su uso personal y privado. EL CLIENTE\/USUARIO deber\u00e1<br>abstenerse de suprimir, alterar, eludir o manipular cualquier dispositivo de protecci\u00f3n o sistema de<br>seguridad que estuviera instalado en las p\u00e1ginas de La Empresa.<br>EL CLIENTE\/USUARIO no podr\u00e1 utilizar de ning\u00fan modo las marcas, logos, nombres comerciales,<\/p>\n\n\n\n<p><br>dominios en internet y cualquier otro signo distintivo de La Empresa sin contar con el previo consen-<br>timiento expreso y por escrito de \u00e9sta<\/p>\n\n\n\n<h2 class=\"wp-block-heading\">7. Protecci\u00f3n de Datos<\/h2>\n\n\n\n<p>Se estar\u00e1 a lo dispuesto en el apartado correspondiente de estas condiciones y en la Pol\u00edtica de<br>Privacidad, disponible en la web<\/p>\n","protected":false},"excerpt":{"rendered":"<p>Legal notice En cumplimiento de lo establecido en el Art. 10 de la Ley 34\/2002, de 11 de julio, de Servicios de laSociedad de la Informaci\u00f3n y Comercio Electr\u00f3nico (LSSI-CE), se informa de que los datos del titularde esta p\u00e1gina web y responsable del servicio prestado a trav\u00e9s de la misma son. Raz\u00f3n social: NALDA [&hellip;]<\/p>\n","protected":false},"author":3,"featured_media":0,"parent":0,"menu_order":0,"comment_status":"closed","ping_status":"closed","template":"page-templates\/container.php","meta":{"_acf_changed":false,"footnotes":""},"class_list":["post-750","page","type-page","status-publish","hentry"],"acf":[],"yoast_head":"<!-- This site is optimized with the Yoast SEO plugin v22.7 - https:\/\/yoast.com\/wordpress\/plugins\/seo\/ -->\n<title>Terms and Conditions - Nalda y Suarez Abogados<\/title>\n<meta name=\"robots\" content=\"index, follow, max-snippet:-1, max-image-preview:large, max-video-preview:-1\" \/>\n<link rel=\"canonical\" href=\"https:\/\/naldaysuarezabogados.es\/en\/terms-and-conditions\/\" \/>\n<meta property=\"og:locale\" content=\"en_US\" \/>\n<meta property=\"og:type\" content=\"article\" \/>\n<meta property=\"og:title\" content=\"Terms and Conditions - Nalda y Suarez Abogados\" \/>\n<meta property=\"og:description\" content=\"Legal notice En cumplimiento de lo establecido en el Art. 10 de la Ley 34\/2002, de 11 de julio, de Servicios de laSociedad de la Informaci\u00f3n y Comercio Electr\u00f3nico (LSSI-CE), se informa de que los datos del titularde esta p\u00e1gina web y responsable del servicio prestado a trav\u00e9s de la misma son. Raz\u00f3n social: NALDA [&hellip;]\" \/>\n<meta property=\"og:url\" content=\"https:\/\/naldaysuarezabogados.es\/en\/terms-and-conditions\/\" \/>\n<meta property=\"og:site_name\" content=\"Nalda y Suarez Abogados\" \/>\n<meta property=\"article:modified_time\" content=\"2025-11-06T19:00:47+00:00\" \/>\n<meta name=\"twitter:card\" content=\"summary_large_image\" \/>\n<meta name=\"twitter:label1\" content=\"Est. reading time\" \/>\n\t<meta name=\"twitter:data1\" content=\"5 minutes\" \/>\n<script type=\"application\/ld+json\" class=\"yoast-schema-graph\">{\"@context\":\"https:\/\/schema.org\",\"@graph\":[{\"@type\":\"WebPage\",\"@id\":\"https:\/\/naldaysuarezabogados.es\/en\/terms-and-conditions\/\",\"url\":\"https:\/\/naldaysuarezabogados.es\/en\/terms-and-conditions\/\",\"name\":\"Terms and Conditions - Nalda y Suarez Abogados\",\"isPartOf\":{\"@id\":\"https:\/\/naldaysuarezabogados.es\/en\/#website\"},\"datePublished\":\"2024-04-10T13:36:51+00:00\",\"dateModified\":\"2025-11-06T19:00:47+00:00\",\"breadcrumb\":{\"@id\":\"https:\/\/naldaysuarezabogados.es\/en\/terms-and-conditions\/#breadcrumb\"},\"inLanguage\":\"en-US\",\"potentialAction\":[{\"@type\":\"ReadAction\",\"target\":[\"https:\/\/naldaysuarezabogados.es\/en\/terms-and-conditions\/\"]}]},{\"@type\":\"BreadcrumbList\",\"@id\":\"https:\/\/naldaysuarezabogados.es\/en\/terms-and-conditions\/#breadcrumb\",\"itemListElement\":[{\"@type\":\"ListItem\",\"position\":1,\"name\":\"Portada\",\"item\":\"https:\/\/naldaysuarezabogados.es\/en\/\"},{\"@type\":\"ListItem\",\"position\":2,\"name\":\"Terms and Conditions\"}]},{\"@type\":\"WebSite\",\"@id\":\"https:\/\/naldaysuarezabogados.es\/en\/#website\",\"url\":\"https:\/\/naldaysuarezabogados.es\/en\/\",\"name\":\"Nalda y Suarez Abogados\",\"description\":\"Servicios legales y asesor\u00eda jur\u00eddica\",\"publisher\":{\"@id\":\"https:\/\/naldaysuarezabogados.es\/en\/#organization\"},\"potentialAction\":[{\"@type\":\"SearchAction\",\"target\":{\"@type\":\"EntryPoint\",\"urlTemplate\":\"https:\/\/naldaysuarezabogados.es\/en\/?s={search_term_string}\"},\"query-input\":\"required name=search_term_string\"}],\"inLanguage\":\"en-US\"},{\"@type\":\"Organization\",\"@id\":\"https:\/\/naldaysuarezabogados.es\/en\/#organization\",\"name\":\"Nalda y Suarez Abogados\",\"url\":\"https:\/\/naldaysuarezabogados.es\/en\/\",\"logo\":{\"@type\":\"ImageObject\",\"inLanguage\":\"en-US\",\"@id\":\"https:\/\/naldaysuarezabogados.es\/en\/#\/schema\/logo\/image\/\",\"url\":\"https:\/\/naldaysuarezabogados.es\/wp-content\/uploads\/2024\/04\/Logo.png\",\"contentUrl\":\"https:\/\/naldaysuarezabogados.es\/wp-content\/uploads\/2024\/04\/Logo.png\",\"width\":80,\"height\":53,\"caption\":\"Nalda y Suarez Abogados\"},\"image\":{\"@id\":\"https:\/\/naldaysuarezabogados.es\/en\/#\/schema\/logo\/image\/\"}}]}<\/script>\n<!-- \/ Yoast SEO plugin. -->","yoast_head_json":{"title":"Terms and Conditions - Nalda y Suarez Abogados","robots":{"index":"index","follow":"follow","max-snippet":"max-snippet:-1","max-image-preview":"max-image-preview:large","max-video-preview":"max-video-preview:-1"},"canonical":"https:\/\/naldaysuarezabogados.es\/en\/terms-and-conditions\/","og_locale":"en_US","og_type":"article","og_title":"Terms and Conditions - Nalda y Suarez Abogados","og_description":"Legal notice En cumplimiento de lo establecido en el Art. 10 de la Ley 34\/2002, de 11 de julio, de Servicios de laSociedad de la Informaci\u00f3n y Comercio Electr\u00f3nico (LSSI-CE), se informa de que los datos del titularde esta p\u00e1gina web y responsable del servicio prestado a trav\u00e9s de la misma son. Raz\u00f3n social: NALDA [&hellip;]","og_url":"https:\/\/naldaysuarezabogados.es\/en\/terms-and-conditions\/","og_site_name":"Nalda y Suarez Abogados","article_modified_time":"2025-11-06T19:00:47+00:00","twitter_card":"summary_large_image","twitter_misc":{"Est. reading time":"5 minutes"},"schema":{"@context":"https:\/\/schema.org","@graph":[{"@type":"WebPage","@id":"https:\/\/naldaysuarezabogados.es\/en\/terms-and-conditions\/","url":"https:\/\/naldaysuarezabogados.es\/en\/terms-and-conditions\/","name":"Terms and Conditions - Nalda y Suarez Abogados","isPartOf":{"@id":"https:\/\/naldaysuarezabogados.es\/en\/#website"},"datePublished":"2024-04-10T13:36:51+00:00","dateModified":"2025-11-06T19:00:47+00:00","breadcrumb":{"@id":"https:\/\/naldaysuarezabogados.es\/en\/terms-and-conditions\/#breadcrumb"},"inLanguage":"en-US","potentialAction":[{"@type":"ReadAction","target":["https:\/\/naldaysuarezabogados.es\/en\/terms-and-conditions\/"]}]},{"@type":"BreadcrumbList","@id":"https:\/\/naldaysuarezabogados.es\/en\/terms-and-conditions\/#breadcrumb","itemListElement":[{"@type":"ListItem","position":1,"name":"Portada","item":"https:\/\/naldaysuarezabogados.es\/en\/"},{"@type":"ListItem","position":2,"name":"Terms and Conditions"}]},{"@type":"WebSite","@id":"https:\/\/naldaysuarezabogados.es\/en\/#website","url":"https:\/\/naldaysuarezabogados.es\/en\/","name":"Nalda y Suarez Abogados","description":"Servicios legales y asesor\u00eda jur\u00eddica","publisher":{"@id":"https:\/\/naldaysuarezabogados.es\/en\/#organization"},"potentialAction":[{"@type":"SearchAction","target":{"@type":"EntryPoint","urlTemplate":"https:\/\/naldaysuarezabogados.es\/en\/?s={search_term_string}"},"query-input":"required name=search_term_string"}],"inLanguage":"en-US"},{"@type":"Organization","@id":"https:\/\/naldaysuarezabogados.es\/en\/#organization","name":"Nalda y Suarez Abogados","url":"https:\/\/naldaysuarezabogados.es\/en\/","logo":{"@type":"ImageObject","inLanguage":"en-US","@id":"https:\/\/naldaysuarezabogados.es\/en\/#\/schema\/logo\/image\/","url":"https:\/\/naldaysuarezabogados.es\/wp-content\/uploads\/2024\/04\/Logo.png","contentUrl":"https:\/\/naldaysuarezabogados.es\/wp-content\/uploads\/2024\/04\/Logo.png","width":80,"height":53,"caption":"Nalda y Suarez Abogados"},"image":{"@id":"https:\/\/naldaysuarezabogados.es\/en\/#\/schema\/logo\/image\/"}}]}},"_links":{"self":[{"href":"https:\/\/naldaysuarezabogados.es\/en\/wp-json\/wp\/v2\/pages\/750","targetHints":{"allow":["GET"]}}],"collection":[{"href":"https:\/\/naldaysuarezabogados.es\/en\/wp-json\/wp\/v2\/pages"}],"about":[{"href":"https:\/\/naldaysuarezabogados.es\/en\/wp-json\/wp\/v2\/types\/page"}],"author":[{"embeddable":true,"href":"https:\/\/naldaysuarezabogados.es\/en\/wp-json\/wp\/v2\/users\/3"}],"replies":[{"embeddable":true,"href":"https:\/\/naldaysuarezabogados.es\/en\/wp-json\/wp\/v2\/comments?post=750"}],"version-history":[{"count":3,"href":"https:\/\/naldaysuarezabogados.es\/en\/wp-json\/wp\/v2\/pages\/750\/revisions"}],"predecessor-version":[{"id":1045,"href":"https:\/\/naldaysuarezabogados.es\/en\/wp-json\/wp\/v2\/pages\/750\/revisions\/1045"}],"wp:attachment":[{"href":"https:\/\/naldaysuarezabogados.es\/en\/wp-json\/wp\/v2\/media?parent=750"}],"curies":[{"name":"wp","href":"https:\/\/api.w.org\/{rel}","templated":true}]}}